{"id":23,"date":"2025-01-09T13:52:36","date_gmt":"2025-01-09T12:52:36","guid":{"rendered":"http:\/\/blattwerk.be\/blattwerk\/?page_id=23"},"modified":"2025-01-15T13:48:20","modified_gmt":"2025-01-15T12:48:20","slug":"about","status":"publish","type":"page","link":"https:\/\/blattwerk.be\/blattwerk\/?page_id=23","title":{"rendered":"Wer sind wir?"},"content":{"rendered":"\n<p class=\"has-medium-font-size\">Willkommen bei BLATTWERK, Ihrem Blumenfachgesch\u00e4ft mit Herz und Leidenschaft! <\/p>\n\n\n\n<p class=\"has-medium-font-size\">Seit dem 1. Februar 2025 vereinen wir unsere unersch\u00f6pfliche Kreativit\u00e4t mit hoher Qualit\u00e4t und Naturverbundenheit, um Ihnen die sch\u00f6nsten floralen Arrangements und besondere Geschenke zu bieten.<\/p>\n\n\n\n<p class=\"has-medium-font-size\">Hinter BLATTWERK stehen wir \u2013 ein eingespieltes Mutter-Sohn-Team. Meine Mutter, eine erfahrene Floristin mit mehr als 30 Jahren Erfahrung in der Floristik, hat sich ihren langersehnten Traum erf\u00fcllt, selbstst\u00e4ndig zu werden. Mit ihrem umfangreichen Wissen, gepaart mit einem geschulten Auge f\u00fcr \u00c4sthetik setzt sie perfekt jeden Kundenwunsch in florale Kunstwerke um. Ich, ihr Sohn, bringe frischen Wind ins Unternehmen, und unterst\u00fctze sie dabei tatkr\u00e4ftig, um unseren gemeinsamen Traum Wirklichkeit werden zu lassen.<\/p>\n\n\n\n<p class=\"has-medium-font-size\">Unser Motto, <strong><em>\u201cNat\u00fcrlich Blumen.\u201d<\/em><\/strong>, spiegelt die Werte von BLATTWERK wider: Wir m\u00f6chten Sie gerne mit hochwertiger Floristik begeistern, die sich durch ihre hohe Qualit\u00e4t und viel Liebe zum Detail auszeichnet. Gleichzeitig erweitern wir unser Angebot um ein vielf\u00e4ltiges Sortiment an Geschenkideen, um f\u00fcr jeden Anlass das Passende zu bieten.<\/p>\n\n\n\n<p class=\"has-medium-font-size\">Was uns besonders macht, ist unsere enge Kundenbindung. Mit Freundlichkeit, Kreativit\u00e4t und einem offenen Ohr f\u00fcr Eure W\u00fcnsche stehen wir Euch zur Seite, und lassen Eure Vorstellungen Wirklichkeit werden.<\/p>\n\n\n\n<p class=\"has-medium-font-size\">Besucht uns bei BLATTWERK, und lasst Euch von der Sch\u00f6nheit und Eleganz der Natur inspirieren \u2013 wir freuen\u00a0uns\u00a0auf\u00a0Euch!<\/p>\n\n\n\n<p><\/p>\n","protected":false},"excerpt":{"rendered":"<p>Willkommen bei BLATTWERK, Ihrem Blumenfachgesch\u00e4ft mit Herz und Leidenschaft! Seit dem 1. Februar 2025 vereinen wir unsere unersch\u00f6pfliche Kreativit\u00e4t mit hoher Qualit\u00e4t und Naturverbundenheit, um Ihnen die sch\u00f6nsten floralen Arrangements und besondere Geschenke zu bieten. Hinter BLATTWERK stehen wir \u2013 ein eingespieltes Mutter-Sohn-Team. Meine Mutter, eine erfahrene Floristin mit mehr &hellip; <\/p>\n","protected":false},"author":1,"featured_media":0,"parent":0,"menu_order":0,"comment_status":"closed","ping_status":"closed","template":"","meta":{"_monsterinsights_skip_tracking":false,"_monsterinsights_sitenote_active":false,"_monsterinsights_sitenote_note":"","_monsterinsights_sitenote_category":0,"footnotes":""},"class_list":["post-23","page","type-page","status-publish","hentry"],"aioseo_notices":[],"_links":{"self":[{"href":"https:\/\/blattwerk.be\/blattwerk\/index.php?rest_route=\/wp\/v2\/pages\/23","targetHints":{"allow":["GET"]}}],"collection":[{"href":"https:\/\/blattwerk.be\/blattwerk\/index.php?rest_route=\/wp\/v2\/pages"}],"about":[{"href":"https:\/\/blattwerk.be\/blattwerk\/index.php?rest_route=\/wp\/v2\/types\/page"}],"author":[{"embeddable":true,"href":"https:\/\/blattwerk.be\/blattwerk\/index.php?rest_route=\/wp\/v2\/users\/1"}],"replies":[{"embeddable":true,"href":"https:\/\/blattwerk.be\/blattwerk\/index.php?rest_route=%2Fwp%2Fv2%2Fcomments&post=23"}],"version-history":[{"count":30,"href":"https:\/\/blattwerk.be\/blattwerk\/index.php?rest_route=\/wp\/v2\/pages\/23\/revisions"}],"predecessor-version":[{"id":484,"href":"https:\/\/blattwerk.be\/blattwerk\/index.php?rest_route=\/wp\/v2\/pages\/23\/revisions\/484"}],"wp:attachment":[{"href":"https:\/\/blattwerk.be\/blattwerk\/index.php?rest_route=%2Fwp%2Fv2%2Fmedia&parent=23"}],"curies":[{"name":"wp","href":"https:\/\/api.w.org\/{rel}","templated":true}]}}