{"id":17,"date":"2025-01-09T13:52:36","date_gmt":"2025-01-09T12:52:36","guid":{"rendered":"http:\/\/blattwerk.be\/blattwerk\/?page_id=17"},"modified":"2025-08-31T18:42:53","modified_gmt":"2025-08-31T16:42:53","slug":"oeffnungszeiten","status":"publish","type":"page","link":"https:\/\/blattwerk.be\/blattwerk\/?page_id=17","title":{"rendered":"Wir haben f\u00fcr Euch ge\u00f6ffnet:"},"content":{"rendered":"\n<div class=\"wp-block-columns is-layout-flex wp-container-core-columns-is-layout-9d6595d7 wp-block-columns-is-layout-flex\">\n<div class=\"wp-block-column is-layout-flow wp-block-column-is-layout-flow\"><\/div>\n\n\n\n<div class=\"wp-block-column is-layout-flow wp-block-column-is-layout-flow\"><\/div>\n<\/div>\n\n\n\n<figure class=\"wp-block-table is-style-stripes\"><table class=\"has-fixed-layout\"><tbody><tr><td>Montag<\/td><td><strong>9.00 &#8211; 13.00 Uhr<\/strong><\/td><td><strong>Nachmittag geschlossen<\/strong><\/td><\/tr><tr><td>Dienstag<\/td><td><strong><strong>9.00<\/strong> &#8211; 13.00 Uhr<\/strong><\/td><td><strong>13.30 &#8211; 16.30 Uhr<\/strong><\/td><\/tr><tr><td>Mittwoch<\/td><td><strong><strong>9.00<\/strong> &#8211; 13.00 Uhr<\/strong><\/td><td><strong>13.30 &#8211; 16.30 Uhr<\/strong><\/td><\/tr><tr><td>Donnerstag<\/td><td><strong><strong>9.00<\/strong> &#8211; 13.00 Uhr<\/strong><\/td><td><strong>13.30 &#8211; 17.00 Uhr<\/strong><\/td><\/tr><tr><td>Freitag<\/td><td><strong><strong>9.00<\/strong> &#8211; 13.00 Uhr<\/strong><\/td><td><strong>13.30 &#8211; 17.00 Uhr<\/strong><\/td><\/tr><tr><td>Samstag<\/td><td><strong><strong>9.00<\/strong> &#8211; 11.30 Uhr<\/strong><\/td><td><strong>jeden 2. Samstag geschlossen<\/strong><\/td><\/tr><tr><td>Sonntag<\/td><td><strong>geschlossen<\/strong><\/td><td><\/td><\/tr><\/tbody><\/table><\/figure>\n\n\n\n<p class=\"has-text-align-center has-medium-font-size\">Zu besonderen Anl\u00e4ssen wie Muttertag, Totensonntag, Weihnachten und Ostern haben wir selbstverst\u00e4ndlich auch Samstags ge\u00f6ffnet.<\/p>\n","protected":false},"excerpt":{"rendered":"<p>Montag 9.00 &#8211; 13.00 Uhr Nachmittag geschlossen Dienstag 9.00 &#8211; 13.00 Uhr 13.30 &#8211; 16.30 Uhr Mittwoch 9.00 &#8211; 13.00 Uhr 13.30 &#8211; 16.30 Uhr Donnerstag 9.00 &#8211; 13.00 Uhr 13.30 &#8211; 17.00 Uhr Freitag 9.00 &#8211; 13.00 Uhr 13.30 &#8211; 17.00 Uhr Samstag 9.00 &#8211; 11.30 Uhr jeden 2. &hellip; <\/p>\n","protected":false},"author":1,"featured_media":0,"parent":0,"menu_order":0,"comment_status":"closed","ping_status":"closed","template":"","meta":{"_monsterinsights_skip_tracking":false,"_monsterinsights_sitenote_active":false,"_monsterinsights_sitenote_note":"","_monsterinsights_sitenote_category":0,"footnotes":""},"class_list":["post-17","page","type-page","status-publish","hentry"],"aioseo_notices":[],"_links":{"self":[{"href":"https:\/\/blattwerk.be\/blattwerk\/index.php?rest_route=\/wp\/v2\/pages\/17","targetHints":{"allow":["GET"]}}],"collection":[{"href":"https:\/\/blattwerk.be\/blattwerk\/index.php?rest_route=\/wp\/v2\/pages"}],"about":[{"href":"https:\/\/blattwerk.be\/blattwerk\/index.php?rest_route=\/wp\/v2\/types\/page"}],"author":[{"embeddable":true,"href":"https:\/\/blattwerk.be\/blattwerk\/index.php?rest_route=\/wp\/v2\/users\/1"}],"replies":[{"embeddable":true,"href":"https:\/\/blattwerk.be\/blattwerk\/index.php?rest_route=%2Fwp%2Fv2%2Fcomments&post=17"}],"version-history":[{"count":22,"href":"https:\/\/blattwerk.be\/blattwerk\/index.php?rest_route=\/wp\/v2\/pages\/17\/revisions"}],"predecessor-version":[{"id":657,"href":"https:\/\/blattwerk.be\/blattwerk\/index.php?rest_route=\/wp\/v2\/pages\/17\/revisions\/657"}],"wp:attachment":[{"href":"https:\/\/blattwerk.be\/blattwerk\/index.php?rest_route=%2Fwp%2Fv2%2Fmedia&parent=17"}],"curies":[{"name":"wp","href":"https:\/\/api.w.org\/{rel}","templated":true}]}}